{"id":2577,"date":"2018-09-13T14:34:58","date_gmt":"2018-10-22T11:51:35","guid":{"rendered":"https:\/\/intervactechnology.com\/?post_type=product&#038;p=2577"},"modified":"2018-10-22T14:51:36","modified_gmt":"2018-10-22T11:51:36","slug":"huubimise-aktivaatoriga","status":"publish","type":"product","link":"https:\/\/intervactechnology.com\/et\/toode\/huubimise-aktivaatoriga\/","title":{"rendered":"H\u00fc\u00fcbimise aktivaatoriga"},"content":{"rendered":"<div class=\"row\">\n<div class=\"col large-3 pb-5-tab\"><img decoding=\"async\" loading=\"lazy\" class=\"alignnone wp-image-1638 size-large\" src=\"https:\/\/intervactechnology.com\/wp-content\/uploads\/2018\/09\/ART_8688-1024x1024.jpg\" alt=\"\" width=\"1020\" height=\"1020\" srcset=\"https:\/\/intervactechnology.com\/wp-content\/uploads\/2018\/09\/ART_8688-1024x1024.jpg 1024w, https:\/\/intervactechnology.com\/wp-content\/uploads\/2018\/09\/ART_8688-150x150.jpg 150w, https:\/\/intervactechnology.com\/wp-content\/uploads\/2018\/09\/ART_8688-300x300.jpg 300w, https:\/\/intervactechnology.com\/wp-content\/uploads\/2018\/09\/ART_8688-768x768.jpg 768w, https:\/\/intervactechnology.com\/wp-content\/uploads\/2018\/09\/ART_8688-250x250.jpg 250w, https:\/\/intervactechnology.com\/wp-content\/uploads\/2018\/09\/ART_8688-94x94.jpg 94w, https:\/\/intervactechnology.com\/wp-content\/uploads\/2018\/09\/ART_8688-510x510.jpg 510w, https:\/\/intervactechnology.com\/wp-content\/uploads\/2018\/09\/ART_8688-100x100.jpg 100w, https:\/\/intervactechnology.com\/wp-content\/uploads\/2018\/09\/ART_8688.jpg 1515w\" sizes=\"(max-width: 1020px) 100vw, 1020px\" \/><\/div>\n<div class=\"col large-9 pb-0\">\n<p>Katseklaasid seerumi jaoks on kaetud kuivaktivaatoriga kalgendi moodustumiseks, et kiirendada vere h\u00fc\u00fcbimist. Aktivaatorina kasutatakse r\u00e4nidioksiidi (kalgendi tekkimise aktivaator).<\/p>\n<p>Vereseerumi saamine on kaheastmelise biokeemilise protsessi tulemus: vere koaguleerimine (h\u00fc\u00fcbimine) ja kalgendi reaktsioon (tihkestumine).<\/p>\n<p>Seerum on substants, mis on vabastatud h\u00fc\u00fcbimisfaktoritest, aga sisaldab trombots\u00fc\u00fctide kilde ja metabolismi saadusi.<\/p>\n<p class=\"mb-0\">Uuritav materjal: vereseerum.<br \/>\nVere h\u00fc\u00fcvitamise aeg: 10-30 minutit.<br \/>\nTsentrifuugimise tingimus: 1300 g 10 minuti jooksul.<br \/>\nEnne seerumiga katseklaaside tsentrifuugimist tuleb oodata vere t\u00e4ieliku h\u00fc\u00fcbimiseni.<\/p>\n<\/div>\n<\/div>\n<hr \/>\n<div class=\"row\">\n<div class=\"col large-4 pb-5-tab\"><img decoding=\"async\" loading=\"lazy\" class=\"alignnone wp-image-1632 size-large\" src=\"https:\/\/intervactechnology.com\/wp-content\/uploads\/2018\/09\/ART_3170-copy-1024x683.jpg\" alt=\"\" width=\"1020\" height=\"680\" srcset=\"https:\/\/intervactechnology.com\/wp-content\/uploads\/2018\/09\/ART_3170-copy-1024x683.jpg 1024w, https:\/\/intervactechnology.com\/wp-content\/uploads\/2018\/09\/ART_3170-copy-300x200.jpg 300w, https:\/\/intervactechnology.com\/wp-content\/uploads\/2018\/09\/ART_3170-copy-768x512.jpg 768w, https:\/\/intervactechnology.com\/wp-content\/uploads\/2018\/09\/ART_3170-copy-510x340.jpg 510w\" sizes=\"(max-width: 1020px) 100vw, 1020px\" \/><\/div>\n<div class=\"col large-4 pb-5-tab\"><img decoding=\"async\" loading=\"lazy\" class=\"alignnone wp-image-1635 size-large\" style=\"font-size: 14.4px;\" src=\"https:\/\/intervactechnology.com\/wp-content\/uploads\/2018\/09\/ART_3193-copy-1024x683.jpg\" alt=\"\" width=\"1020\" height=\"680\" srcset=\"https:\/\/intervactechnology.com\/wp-content\/uploads\/2018\/09\/ART_3193-copy-1024x683.jpg 1024w, https:\/\/intervactechnology.com\/wp-content\/uploads\/2018\/09\/ART_3193-copy-300x200.jpg 300w, https:\/\/intervactechnology.com\/wp-content\/uploads\/2018\/09\/ART_3193-copy-768x512.jpg 768w, https:\/\/intervactechnology.com\/wp-content\/uploads\/2018\/09\/ART_3193-copy-510x340.jpg 510w\" sizes=\"(max-width: 1020px) 100vw, 1020px\" \/><\/div>\n<\/div>\n<div class=\"formcraft-css\"><div data-auto='' class='fc-form-modal fc_modal fc_fade animate-' id='modal-69e14fba5a4b6'>\n        <div class='fc_modal-dialog fc_modal-dialog-5' style='width: auto'>\n          <div data-bind='.consultation-form-trigger' data-uniq='69e14fba5a4b6' class='uniq-69e14fba5a4b6 formcraft-css form-live align-left'>\n            <button class='fc_close' type='button' class='close' data-dismiss='fc_modal' aria-label='Close'>\n              <span aria-hidden='true'>&times;<\/span>\n            <\/button>\n            <style type='text\/css' scoped='scoped'>.fc-form-5 .form-element-5 .form-element-html {\n    padding-bottom: 0 !important;\n}\n.fc-form-5 .form-element-5 .form-element-html > div {\n    border-bottom: 1px solid #d6d8d9;\n    padding-bottom: 10px;\n}\n.fc-form-5 .form-element-6 .form-element-html {\n    padding-bottom: 0 !important;\n}\n.fc-form-5 .form-element-7 .form-element-html {\n    padding-bottom: 0 !important;\n    margin-bottom: 1em !important;\n}\n.fc-form-5 .icon {\n    margin-right: 5px;\n}<\/style>\n            <div class='form-logic'>[]<\/div><div class=\"fc-pagination-cover fc-pagination-1\">\n\t\t\t\t<div class=\"fc-pagination\" style=\"width: 100%\">\n\t\t\t\t\t<div class=\"pagination-trigger \" data-index=\"0\">\n\t\t\t\t\t\t<span class=\"page-number\"><span >1<\/span><\/span>\n\t\t\t\t\t\t<span class=\"page-name \">Step 1<\/span>\n\t\t\t\t\t\t\n\t\t\t\t\t<\/div>\n\t\t\t\t<\/div>\n\t\t\t<\/div>\n\t\t\t\n\t\t\t<style scoped=\"scoped\" >\n\t\t\t@media (max-width : 480px) {\n\t\t\t\t.fc_modal-dialog-5 .fc-pagination-cover .fc-pagination\n\t\t\t\t{\n\t\t\t\t\tbackground-color: white !important;\n\t\t\t\t}\n\t\t\t}\n\t\t\t\t\t\t.formcraft-css .fc-form.fc-form-5 .form-element .submit-cover .submit-button,\n\t\t\t.formcraft-css .fc-form.fc-form-5 .form-element .fileupload-cover .button-file,\n\t\t\t.formcraft-css .fc-form.fc-form-5 .form-element .field-cover .button,\n\t\t\t.formcraft-datepicker .ui-datepicker-header,\n\t\t\t.formcraft-datepicker .ui-datepicker-title,\n\t\t\t.formcraft-css .fc-form.fc-form-5 .stripe-amount-show\n\t\t\t{\n\t\t\t\tbackground: #ec1845;\n\t\t\t\tcolor: #fff;\n\t\t\t}\n\t\t\t.formcraft-datepicker td .ui-state-active,\n\t\t\t.formcraft-datepicker td .ui-state-hover,\n\t\t\t.formcraft-css .fc-form.fc-form-5 .form-element .slider-cover .ui-slider-range\n\t\t\t{\n\t\t\t\tbackground: #ec1845;\n\t\t\t}\n\t\t\t#ui-datepicker-div.formcraft-datepicker .ui-datepicker-header,\n\t\t\t.formcraft-css .fc-form .field-cover>div.full hr\n\t\t\t{\n\t\t\t\tborder-color: #cf153c;\n\t\t\t}\n\t\t\t#ui-datepicker-div.formcraft-datepicker .ui-datepicker-prev:hover,\n\t\t\t#ui-datepicker-div.formcraft-datepicker .ui-datepicker-next:hover,\n\t\t\t#ui-datepicker-div.formcraft-datepicker select.ui-datepicker-month:hover,\n\t\t\t#ui-datepicker-div.formcraft-datepicker select.ui-datepicker-year:hover\n\t\t\t{\n\t\t\t\tbackground-color: #cf153c;\n\t\t\t}\n\t\t\t.formcraft-css .fc-pagination>div.active .page-number,\n\t\t\t.formcraft-css .form-cover-builder .fc-pagination>div:first-child .page-number\n\t\t\t{\n\t\t\t\tbackground-color: #ec1845;\n\t\t\t\tcolor: #fff;\n\t\t\t}\n\t\t\t#ui-datepicker-div.formcraft-datepicker table.ui-datepicker-calendar th,\n\t\t\t#ui-datepicker-div.formcraft-datepicker table.ui-datepicker-calendar td.ui-datepicker-today a,\n\t\t\t.formcraft-css .fc-form.fc-form-5 .form-element .star-cover label,\n\t\t\thtml .formcraft-css .fc-form.label-floating .form-element .field-cover.has-focus>span,\n\t\t\t.formcraft-css .fc-form.fc-form-5 .form-element .customText-cover a,\n\t\t\t.formcraft-css .prev-next>div span:hover\n\t\t\t{\n\t\t\t\tcolor: #ec1845;\n\t\t\t}\n\t\t\t.formcraft-css .fc-form.fc-form-5 .form-element .customText-cover a:hover\n\t\t\t{\n\t\t\t\tcolor: #cf153c;\n\t\t\t}\n\t\t\thtml .formcraft-css .fc-form.fc-form-5.label-floating .form-element .field-cover > span\n\t\t\t{\n\t\t\t\tcolor: #666666;\n\t\t\t}\n\t\t\thtml .formcraft-css .fc-form .final-success .final-success-check {\n\t\t\t\tborder: 2px solid #666666;\n\t\t\t}\n\t\t\t.formcraft-css .fc-form.fc-form-5 .form-element .field-cover input[type=\"text\"],\n\t\t\t.formcraft-css .fc-form.fc-form-5 .form-element .field-cover input[type=\"email\"],\n\t\t\t.formcraft-css .fc-form.fc-form-5 .form-element .field-cover input[type=\"password\"],\n\t\t\t.formcraft-css .fc-form.fc-form-5 .form-element .field-cover input[type=\"tel\"],\n\t\t\t.formcraft-css .fc-form.fc-form-5 .form-element .field-cover textarea,\n\t\t\t.formcraft-css .fc-form.fc-form-5 .form-element .field-cover select,\n\t\t\t.formcraft-css .fc-form.fc-form-5 .form-element .field-cover .time-fields-cover,\n\t\t\t.formcraft-css .fc-form.fc-form-5 .form-element .field-cover .awesomplete ul\n\t\t\t{\n\t\t\t\tcolor: #777;\n\t\t\t}\n\t\t\t.formcraft-css .fc-form.fc-form-5 .form-element .field-cover input[type=\"text\"],\n\t\t\t.formcraft-css .fc-form.fc-form-5 .form-element .field-cover input[type=\"password\"],\n\t\t\t.formcraft-css .fc-form.fc-form-5 .form-element .field-cover input[type=\"email\"],\n\t\t\t.formcraft-css .fc-form.fc-form-5 .form-element .field-cover input[type=\"radio\"],\n\t\t\t.formcraft-css .fc-form.fc-form-5 .form-element .field-cover input[type=\"checkbox\"],\n\t\t\t.formcraft-css .fc-form.fc-form-5 .form-element .field-cover input[type=\"tel\"],\n\t\t\t.formcraft-css .fc-form.fc-form-5 .form-element .field-cover select,\n\t\t\t.formcraft-css .fc-form.fc-form-5 .form-element .field-cover textarea\n\t\t\t{\n\t\t\t\tbackground-color: #fafafa;\n\t\t\t}\n\t\t\t.formcraft-css .fc-form.fc-form-5 .form-element .field-cover input[type=\"radio\"]:checked,\n\t\t\t.formcraft-css .fc-form.fc-form-5 .form-element .field-cover input[type=\"checkbox\"]:checked {\n\t\t\t\tborder-color: #cf153c;\n\t\t\t\tbackground: #ec1845;\t\t\t\t\n\t\t\t}\n\t\t\t.formcraft-css .fc-form.fc-form-5 .form-element .star-cover label .star\n\t\t\t{\n\t\t\t\ttext-shadow: 0px 1px 0px #cf153c;\n\t\t\t}\n\t\t\t.formcraft-css .fc-form.fc-form-5 .form-element .slider-cover .ui-slider-range\n\t\t\t{\n\t\t\t\tbox-shadow: 0px 1px 1px #cf153c inset;\n\t\t\t}\n\t\t\t.formcraft-css .fc-form.fc-form-5 .form-element .fileupload-cover .button-file,\n\t\t\t.formcraft-css .fc-form.fc-form-5 .form-element .stripe-amount-show\n\t\t\t{\n\t\t\t\tborder-color: #cf153c;\n\t\t\t}\n\t\t\t.formcraft-css .fc-form.fc-form-5 .stripe-cover.field-cover div.stripe-amount-show::before\n\t\t\t{\n\t\t\t\tborder-top-color: #cf153c;\n\t\t\t}\n\t\t\t.formcraft-css .fc-form.fc-form-5 .stripe-cover.field-cover div.stripe-amount-show::after\n\t\t\t{\n\t\t\t\tborder-right-color: #ec1845;\n\t\t\t}\n\t\t\t.formcraft-css .fc-form.fc-form-5 .form-element .form-element-html input[type=\"password\"]:focus,\n\t\t\t.formcraft-css .fc-form.fc-form-5 .form-element .form-element-html input[type=\"email\"]:focus,\n\t\t\t.formcraft-css .fc-form.fc-form-5 .form-element .form-element-html input[type=\"tel\"]:focus,\n\t\t\t.formcraft-css .fc-form.fc-form-5 .form-element .form-element-html input[type=\"text\"]:focus,\n\t\t\t.formcraft-css .fc-form.fc-form-5 .form-element .form-element-html textarea:focus,\n\t\t\t.formcraft-css .fc-form.fc-form-5 .form-element .form-element-html select:focus\n\t\t\t{\n\t\t\t\tborder-color: #ec1845;\n\t\t\t}\n\t\t\t.formcraft-css .fc-form.fc-form-5 .form-element .form-element-html .field-cover .is-read-only:focus {\n\t\t\t\tborder-color: #ccc;\n\t\t\t}\n\t\t\t.formcraft-css .fc-form.fc-form-5\t\t\t{\n\t\t\t\tfont-family: inherit;\n\t\t\t}\n\t\t\t@media (max-width : 480px) {\n\t\t\t\thtml .dedicated-page,\n\t\t\t\thtml .dedicated-page .formcraft-css .fc-pagination > div.active\n\t\t\t\t{\n\t\t\t\t\tbackground: white;\n\t\t\t\t}\n\t\t\t}\n\t\t<\/style>\n\t\t<div class=\"form-cover\">\n\t\t\t<form data-thousand=\"\" data-decimal=\".\" data-delay=\"\" data-id=\"5\" class=\"fc-form fc-form-5 align- fc-temp-class spin- save-form- dont-submit-hidden- remove-asterisk- disable-enter- label-floating field-border-visible frame-visible icons-hide-true field-alignment-left\" style=\"width: 100%; color: #666666; font-size: 100%; background: white\">\n\t\t\t\t<div class=\"form-page form-page-0\" data-index=\"0\">\n\t\t\t\t\t\n\t\t\t\t\t<div class=\"form-page-content     \">\n\t\t\t\t\t\t<div data-identifier=\"field1\" data-index=\"0\" style=\"width: 33.33333%\" class=\" form-element form-element-field1 options-false index-false form-element-0 default-false form-element-type-oneLineText is-required-false odd -handle\">\n\t\t\t\t\t\t\t<div class=\"form-element-html\"><div ><div class=\"oneLineText-cover field-cover \"><span class=\"sub-label-false\"><span class=\"main-label\"><span >Nimi<\/span><\/span><span class=\"sub-label\"><\/span><\/span><div><span class=\"error\"><\/span><input type=\"text\" placeholder=\"\" make-read-only=\"false\" data-field-id=\"field1\" name=\"field1[]\" data-min-char=\"\" data-max-char=\"\" data-val-type=\"\" data-regexp=\"\" data-is-required=\"false\" data-allow-spaces=\"true\" class=\"validation-lenient\" data-placement=\"right\" data-toggle=\"tooltip\" tooltip=\"\" data-trigger=\"focus\" data-html=\"true\" data-input-mask=\"\" data-mask-placeholder=\"\" data-original-title=\"\"><i class=\"formcraft-icon formcraft-icon-type-\"><\/i><\/div><\/div><\/div><\/div>\n\t\t\t\t\t\t\t\n\t\t\t\t\t\t<\/div><div data-identifier=\"field2\" data-index=\"1\" style=\"width: 33.33333%\" class=\" even form-element form-element-field2 options-false index-false form-element-1 default-false form-element-type-email is-required-true -handle\">\n\t\t\t\t\t\t\t<div class=\"form-element-html\"><div ><div class=\"email-cover field-cover \"><span class=\"sub-label-true\"><span class=\"main-label\"><span >E-post<\/span><\/span><span class=\"sub-label\"><\/span><\/span><div><span class=\"error\"><\/span><input placeholder=\"\" data-field-id=\"field2\" type=\"text\" data-val-type=\"email\" make-read-only=\"\" data-is-required=\"true\" name=\"field2\" class=\"validation-lenient\" data-placement=\"right\" data-toggle=\"tooltip\" tooltip=\"\" data-trigger=\"focus\" data-html=\"true\" data-original-title=\"\"><i class=\"formcraft-icon\">email<\/i><\/div><\/div><\/div><\/div>\n\t\t\t\t\t\t\t\n\t\t\t\t\t\t<\/div><div data-identifier=\"field3\" data-index=\"2\" style=\"width: 33.33333%\" class=\" form-element form-element-field3 options-false index-false form-element-2 default-false form-element-type-oneLineText is-required-false odd -handle\">\n\t\t\t\t\t\t\t<div class=\"form-element-html\"><div ><div class=\"oneLineText-cover field-cover \"><span class=\"sub-label-false\"><span class=\"main-label\"><span >Telefon<\/span><\/span><span class=\"sub-label\"><\/span><\/span><div><span class=\"error\"><\/span><input type=\"text\" placeholder=\"\" make-read-only=\"false\" data-field-id=\"field3\" name=\"field3[]\" data-min-char=\"\" data-max-char=\"\" data-val-type=\"\" data-regexp=\"\" data-is-required=\"false\" data-allow-spaces=\"true\" class=\"validation-lenient\" data-placement=\"right\" data-toggle=\"tooltip\" tooltip=\"\" data-trigger=\"focus\" data-html=\"true\" data-input-mask=\"\" data-mask-placeholder=\"\" data-original-title=\"\"><i class=\"formcraft-icon formcraft-icon-type-\"><\/i><\/div><\/div><\/div><\/div>\n\t\t\t\t\t\t\t\n\t\t\t\t\t\t<\/div><div data-identifier=\"field4\" data-index=\"3\" style=\"width: 100%\" class=\" even form-element form-element-field4 options-false index-false form-element-3 default-false form-element-type-textarea is-required-false -handle\">\n\t\t\t\t\t\t\t<div class=\"form-element-html\"><div ><div class=\"textarea-cover field-cover \"><span class=\"sub-label-false\"><span class=\"main-label\"><span >Teie s\u00f5num<\/span><\/span><span class=\"sub-label\"><\/span><\/span><div><span class=\"error\"><\/span><textarea data-field-id=\"field4\" placeholder=\"\" class=\"validation-lenient\" name=\"field4\" value=\"\" rows=\"5\" data-min-char=\"\" data-max-char=\"\" data-is-required=\"false\" data-placement=\"right\" data-toggle=\"tooltip\" tooltip=\"\" data-trigger=\"focus\" data-html=\"true\" data-original-title=\"\" style=\"min-height: 107.938px\"><\/textarea><div class=\"count-\"><span class=\"current-count\">0<\/span> \/ <span class=\"max-count \"><\/span><\/div><\/div><\/div><\/div><\/div>\n\t\t\t\t\t\t\t\n\t\t\t\t\t\t<\/div><div data-identifier=\"field5\" data-index=\"4\" style=\"width: 100%\" class=\" form-element form-element-field5 options-false index-false form-element-4 default-false form-element-type-submit is-required-false odd -handle\">\n\t\t\t\t\t\t\t<div class=\"form-element-html\"><div ><div class=\"align-left wide-false submit-cover field-cover\"><button type=\"submit\" class=\"button submit-button\"><span class=\"text \">Saada<\/span><span class=\"spin-cover\"><i style=\"color:\" class=\"loading-icon icon-cog animate-spin\"><\/i><\/span><\/button><\/div><div class=\"submit-response \"><\/div><input type=\"text\" class=\"required_field \" name=\"website\"><\/div><\/div>\n\t\t\t\t\t\t\t\n\t\t\t\t\t\t<\/div><div data-identifier=\"field7\" data-index=\"5\" style=\"width: 100%\" class=\" even form-element form-element-field7 options-false index-false form-element-5 default-false form-element-type-heading is-required-false -handle\">\n\t\t\t\t\t\t\t<div class=\"form-element-html\"><div ><div style=\"background-color:\" class=\"heading-cover field-cover \"><div style=\"text-align: left; font-size: 1.5em; padding-top: ; padding-bottom: ; color:\" class=\"bold-\"><span >V\u00f5i<\/span><\/div><input type=\"hidden\" data-field-id=\"field7\" name=\"field7[]\" value=\"V\u00f5i\"><\/div><\/div><\/div>\n\t\t\t\t\t\t\t\n\t\t\t\t\t\t<\/div><div data-identifier=\"field8\" data-index=\"6\" style=\"width: 100%\" class=\" form-element form-element-field8 options-false index-false form-element-6 default-false form-element-type-customText is-required-false odd -handle\">\n\t\t\t\t\t\t\t<div class=\"form-element-html\"><div ><div class=\"absolute-false customText-cover field-cover\" style=\"left: ; top: ;right: ;bottom: ;color: #666666 !important; background-color:\"><div class=\"full\" style=\"text-align: left\"><p ><i class=\"icon icon-phone\"><\/i> Helistage meile:&nbsp;<a href=\"tel:+3723571007\" target=\"\">+372 35 71 007<\/a><\/p><\/div><input type=\"hidden\" name=\"field8\" data-field-id=\"field8\"><\/div><\/div><\/div>\n\t\t\t\t\t\t\t\n\t\t\t\t\t\t<\/div><div data-identifier=\"field9\" data-index=\"7\" style=\"width: 100%\" class=\" even form-element form-element-field9 options-false index-false form-element-7 default-false form-element-type-customText is-required-false -handle\">\n\t\t\t\t\t\t\t<div class=\"form-element-html\"><div ><div class=\"absolute-false customText-cover field-cover\" style=\"left: ; top: ;right: ;bottom: ;color: #666666 !important; background-color:\"><div class=\"full\" style=\"text-align: left\"><p ><i class=\"icon icon-envelop\"><\/i> Kirjutage meile:&nbsp;<a href=\"mailto:info@intervactechnology.ee\" target=\"\" style=\"font-size: 13px;text-align: left\">info@intervactechnology.com<\/a><\/p><\/div><input type=\"hidden\" name=\"field9\" data-field-id=\"field9\"><\/div><\/div><\/div>\n\t\t\t\t\t\t\t\n\t\t\t\t\t\t<\/div>\n\t\t\t\t\t<\/div>\n\t\t\t\t<\/div>\n\t\t\t<\/form>\n\t\t\t<div class=\"prev-next prev-next-1\" style=\"width: 100%; color: #666666; font-size: 100%; background: white\">\n\t\t\t\t<div><input type=\"text\" class=\"  \"><span class=\"inactive page-prev \"><i class=\"formcraft-icon\">keyboard_arrow_left<\/i>Previous<\/span><\/div>\n\t\t\t\t<div><input type=\"text\" class=\"  \"><span class=\"page-next \">Next<i class=\"formcraft-icon\">keyboard_arrow_right<\/i><\/span><\/div>\n\t\t\t<\/div>\n\t\t<\/div>\n          <\/div><a class=\"powered-by\" target=\"_blank\" href=\"http:\/\/formcraft-wp.com?source=pb\"\/>FormCraft - WordPress form builder<\/a><\/div>\n        <\/div>\n        <\/div>","protected":false},"excerpt":{"rendered":"<p>Katseklaasid seerumi jaoks on kaetud kuivaktivaatoriga kalgendi moodustumiseks, et kiirendada vere h\u00fc\u00fcbimist.<\/p>\n<p>Kasutusvaldkonnad: kliiniline keemia, immunoloogia, valkude elektroforees, seroloogia, mikrobioloogia, toksikoloogia.<\/p>\n","protected":false},"featured_media":2542,"template":"","meta":{"inline_featured_image":false},"product_cat":[37],"product_tag":[],"_links":{"self":[{"href":"https:\/\/intervactechnology.com\/et\/wp-json\/wp\/v2\/product\/2577"}],"collection":[{"href":"https:\/\/intervactechnology.com\/et\/wp-json\/wp\/v2\/product"}],"about":[{"href":"https:\/\/intervactechnology.com\/et\/wp-json\/wp\/v2\/types\/product"}],"wp:featuredmedia":[{"embeddable":true,"href":"https:\/\/intervactechnology.com\/et\/wp-json\/wp\/v2\/media\/2542"}],"wp:attachment":[{"href":"https:\/\/intervactechnology.com\/et\/wp-json\/wp\/v2\/media?parent=2577"}],"wp:term":[{"taxonomy":"product_cat","embeddable":true,"href":"https:\/\/intervactechnology.com\/et\/wp-json\/wp\/v2\/product_cat?post=2577"},{"taxonomy":"product_tag","embeddable":true,"href":"https:\/\/intervactechnology.com\/et\/wp-json\/wp\/v2\/product_tag?post=2577"}],"curies":[{"name":"wp","href":"https:\/\/api.w.org\/{rel}","templated":true}]}}