{"id":2143,"date":"2018-08-14T17:03:53","date_gmt":"2018-08-14T14:03:53","guid":{"rendered":"https:\/\/intervactechnology.com\/sertifikaty\/"},"modified":"2022-04-14T10:53:54","modified_gmt":"2022-04-14T07:53:54","slug":"sertifikaadid","status":"publish","type":"page","link":"https:\/\/intervactechnology.com\/et\/sertifikaadid\/","title":{"rendered":"Sertifikaadid"},"content":{"rendered":"<div class=\"gap-element\" style=\"display:block; height:auto; padding-top:50px\" class=\"clearfix\"><\/div>\n\t<section class=\"section\" id=\"section_882775568\">\n\t\t<div class=\"bg section-bg fill bg-fill  bg-loaded\" >\n\n\t\t\t\n\t\t\t\n\t\t\t\n\n\t\t<\/div><!-- .section-bg -->\n\n\t\t<div class=\"section-content relative\">\n\t\t\t\n<div class=\"row row-large align-middle certificate-row\"  id=\"row-536547570\">\n<div class=\"col medium-4 small-12 large-4\"  ><div class=\"col-inner\"  >\n\t<div class=\"img has-hover x md-x lg-x y md-y lg-y\" id=\"image_893631139\">\n\t\t<a class=\"image-lightbox lightbox-gallery\" href=\"https:\/\/intervactechnology.com\/wp-content\/uploads\/2022\/04\/13485.png\" title=\"\">\t\t\t\t<div data-animate=\"fadeInLeft\">\t\t<div class=\"img-inner box-shadow-5 dark\" >\n\t\t\t<img width=\"517\" height=\"714\" src=\"https:\/\/intervactechnology.com\/wp-content\/uploads\/2022\/04\/13485.png\" class=\"attachment-original size-original\" alt=\"\" decoding=\"async\" loading=\"lazy\" srcset=\"https:\/\/intervactechnology.com\/wp-content\/uploads\/2022\/04\/13485.png 517w, https:\/\/intervactechnology.com\/wp-content\/uploads\/2022\/04\/13485-217x300.png 217w, https:\/\/intervactechnology.com\/wp-content\/uploads\/2022\/04\/13485-510x704.png 510w\" sizes=\"(max-width: 517px) 100vw, 517px\" \/>\t\t\t\t\t\t\n\t\t\t\t\t<\/div>\n\t\t<\/div>\t\t\t\t<\/a>\t\t\n<style scope=\"scope\">\n\n#image_893631139 {\n  width: 100%;\n}\n<\/style>\n\t<\/div>\n\t\n<\/div><\/div>\n<div class=\"col medium-8 small-12 large-8\"  ><div class=\"col-inner\" style=\"margin:0px 0px -39px 0px;\" >\n<h5 class=\"thin-font\">SERTIFIKAAT<\/h5>\n<h1><span style=\"font-size: 110%;\">ISO 13485:2016<\/span><\/h1>\n<p>Tehas InterVacTechnology l\u00e4bib regulaarselt standardile EN ISO 13845 \u00abMeditsiinitooted. Kvaliteedijuhtimiss\u00fcsteemid\u00bb vastavuse auditi. K\u00f5ik protsessid tehases vastavad standardi n\u00f5uetele ja v\u00f5imaldavad meil pakkuda oma partneritele kvaliteetseid tooteid ja t\u00f5husat koost\u00f6\u00f6d. <\/p>\n<a rel=\"noopener noreferrer\" href=\"https:\/\/intervactechnology.com\/wp-content\/uploads\/2022\/04\/ISO-13485-2016-InterVacTechnology-OU-31.01.2025-1.pdf\" target=\"_blank\" class=\"button primary lowercase\"  style=\"border-radius:3px;\">\n    <span>Laadi sertifikaat alla<\/span>\n  <\/a>\n\n<\/div><\/div>\n\n<style scope=\"scope\">\n\n<\/style>\n<\/div>\n\t\t<\/div><!-- .section-content -->\n\n\t\t\n<style scope=\"scope\">\n\n#section_882775568 {\n  padding-top: 0px;\n  padding-bottom: 0px;\n}\n<\/style>\n\t<\/section>\n\t\n\t<section class=\"section\" id=\"section_845093550\">\n\t\t<div class=\"bg section-bg fill bg-fill  bg-loaded\" >\n\n\t\t\t\n\t\t\t\n\t\t\t\n\n\t\t<\/div><!-- .section-bg -->\n\n\t\t<div class=\"section-content relative\">\n\t\t\t\n<div class=\"row row-large align-middle certificate-row\"  id=\"row-891642426\">\n<div class=\"col medium-8 small-12 large-8\"  ><div class=\"col-inner\" style=\"margin:0px 0px -39px 0px;\" >\n<h5 class=\"thin-font\">SERTIFIKAAT<\/h5>\n<h1><span style=\"font-size: 110%;\">ISO 9001:2015<\/span><\/h1>\n<p>Sel aastal l\u00e4bis tehas InterVacTechnology auditi ja sai uue standardile 9001:2015 vastavusesertifikaadi. Uutele n\u00f5uetele vastavuse kontroll v\u00f5imaldas meil \u00fcmber vaadata kogu ettev\u00f5tte kvaliteedis\u00fcsteemi ja optimeerida protsesse t\u00f5husamaks t\u00f6\u00f6ks. <\/p>\n<a rel=\"noopener noreferrer\" href=\"https:\/\/intervactechnology.com\/wp-content\/uploads\/2022\/04\/9001-ENG-07-12-2021.pdf\" target=\"_blank\" class=\"button primary lowercase\"  style=\"border-radius:3px;\">\n    <span>Laadi sertifikaat alla<\/span>\n  <\/a>\n\n<\/div><\/div>\n<div class=\"col medium-4 small-12 large-4 medium-col-first\"  ><div class=\"col-inner\"  >\n\t<div class=\"img has-hover x md-x lg-x y md-y lg-y\" id=\"image_1029958950\">\n\t\t<a class=\"image-lightbox lightbox-gallery\" href=\"https:\/\/intervactechnology.com\/wp-content\/uploads\/2022\/04\/9001.png\" title=\"\">\t\t\t\t<div data-animate=\"fadeInRight\">\t\t<div class=\"img-inner box-shadow-5 dark\" >\n\t\t\t<img width=\"535\" height=\"758\" src=\"https:\/\/intervactechnology.com\/wp-content\/uploads\/2022\/04\/9001.png\" class=\"attachment-original size-original\" alt=\"\" decoding=\"async\" loading=\"lazy\" srcset=\"https:\/\/intervactechnology.com\/wp-content\/uploads\/2022\/04\/9001.png 535w, https:\/\/intervactechnology.com\/wp-content\/uploads\/2022\/04\/9001-212x300.png 212w, https:\/\/intervactechnology.com\/wp-content\/uploads\/2022\/04\/9001-510x723.png 510w\" sizes=\"(max-width: 535px) 100vw, 535px\" \/>\t\t\t\t\t\t\n\t\t\t\t\t<\/div>\n\t\t<\/div>\t\t\t\t<\/a>\t\t\n<style scope=\"scope\">\n\n#image_1029958950 {\n  width: 100%;\n}\n<\/style>\n\t<\/div>\n\t\n<\/div><\/div>\n\n<style scope=\"scope\">\n\n<\/style>\n<\/div>\n\t\t<\/div><!-- .section-content -->\n\n\t\t\n<style scope=\"scope\">\n\n#section_845093550 {\n  padding-top: 0px;\n  padding-bottom: 0px;\n}\n<\/style>\n\t<\/section>\n\t\n\t<section class=\"section\" id=\"section_603714351\">\n\t\t<div class=\"bg section-bg fill bg-fill  bg-loaded\" >\n\n\t\t\t\n\t\t\t\n\t\t\t\n\n\t\t<\/div><!-- .section-bg -->\n\n\t\t<div class=\"section-content relative\">\n\t\t\t\n<div class=\"row row-large align-middle certificate-row\"  id=\"row-156775690\">\n<div class=\"col medium-4 small-12 large-4\"  ><div class=\"col-inner\"  >\n\t<div class=\"img has-hover x md-x lg-x y md-y lg-y\" id=\"image_2145362528\">\n\t\t<a class=\"image-lightbox lightbox-gallery\" href=\"https:\/\/intervactechnology.com\/wp-content\/uploads\/2022\/04\/Free-sales-2.png\" title=\"\">\t\t\t\t<div data-animate=\"fadeInLeft\">\t\t<div class=\"img-inner box-shadow-5 dark\" >\n\t\t\t<img width=\"522\" height=\"706\" src=\"https:\/\/intervactechnology.com\/wp-content\/uploads\/2022\/04\/Free-sales-2.png\" class=\"attachment-original size-original\" alt=\"\" decoding=\"async\" loading=\"lazy\" srcset=\"https:\/\/intervactechnology.com\/wp-content\/uploads\/2022\/04\/Free-sales-2.png 522w, https:\/\/intervactechnology.com\/wp-content\/uploads\/2022\/04\/Free-sales-2-222x300.png 222w, https:\/\/intervactechnology.com\/wp-content\/uploads\/2022\/04\/Free-sales-2-510x690.png 510w\" sizes=\"(max-width: 522px) 100vw, 522px\" \/>\t\t\t\t\t\t\n\t\t\t\t\t<\/div>\n\t\t<\/div>\t\t\t\t<\/a>\t\t\n<style scope=\"scope\">\n\n#image_2145362528 {\n  width: 100%;\n}\n<\/style>\n\t<\/div>\n\t\n<\/div><\/div>\n<div class=\"col medium-8 small-12 large-8\"  ><div class=\"col-inner\" style=\"margin:0px 0px -39px 0px;\" >\n<h5 class=\"thin-font\">SERTIFIKAAT<\/h5>\n<h1><span style=\"font-size: 110%;\">Free sales certificate \u2013 vacuum tubes<\/span><\/h1>\n<p>Vaakumkatseklaasid kuuluvad direktiivi 98\/79\/EC of the European Parliament and of the Council of 27 October 1998 on in vitro diagnostic medical devices (classification \u201cOther IVD devices\u201d) alla. Vaakumkatseklaasidel on CE t\u00e4histus koosk\u00f5las kehtestatud n\u00f5uetega. <\/p>\n<a rel=\"noopener noreferrer\" href=\"https:\/\/intervactechnology.com\/wp-content\/uploads\/2022\/04\/FSC-InterVacTechnology-Lind-Vac-1.pdf\" target=\"_blank\" class=\"button primary lowercase\"  style=\"border-radius:3px;\">\n    <span>Laadi sertifikaat alla<\/span>\n  <\/a>\n\n<\/div><\/div>\n\n<style scope=\"scope\">\n\n<\/style>\n<\/div>\n\t\t<\/div><!-- .section-content -->\n\n\t\t\n<style scope=\"scope\">\n\n#section_603714351 {\n  padding-top: 0px;\n  padding-bottom: 0px;\n}\n<\/style>\n\t<\/section>\n\t\n<div class=\"gap-element\" style=\"display:block; height:auto; padding-top:79px\" class=\"clearfix\"><\/div>\n<div class=\"formcraft-css\"><div data-auto='' class='fc-form-modal fc_modal fc_fade animate-' id='modal-69e08cc5ac376'>\n        <div class='fc_modal-dialog fc_modal-dialog-5' style='width: auto'>\n          <div data-bind='.consultation-form-trigger' data-uniq='69e08cc5ac376' class='uniq-69e08cc5ac376 formcraft-css form-live align-left'>\n            <button class='fc_close' type='button' class='close' data-dismiss='fc_modal' aria-label='Close'>\n              <span aria-hidden='true'>&times;<\/span>\n            <\/button>\n            <style type='text\/css' scoped='scoped'>.fc-form-5 .form-element-5 .form-element-html {\n    padding-bottom: 0 !important;\n}\n.fc-form-5 .form-element-5 .form-element-html > div {\n    border-bottom: 1px solid #d6d8d9;\n    padding-bottom: 10px;\n}\n.fc-form-5 .form-element-6 .form-element-html {\n    padding-bottom: 0 !important;\n}\n.fc-form-5 .form-element-7 .form-element-html {\n    padding-bottom: 0 !important;\n    margin-bottom: 1em !important;\n}\n.fc-form-5 .icon {\n    margin-right: 5px;\n}<\/style>\n            <div class='form-logic'>[]<\/div><div class=\"fc-pagination-cover fc-pagination-1\">\n\t\t\t\t<div class=\"fc-pagination\" style=\"width: 100%\">\n\t\t\t\t\t<div class=\"pagination-trigger \" data-index=\"0\">\n\t\t\t\t\t\t<span class=\"page-number\"><span >1<\/span><\/span>\n\t\t\t\t\t\t<span class=\"page-name \">Step 1<\/span>\n\t\t\t\t\t\t\n\t\t\t\t\t<\/div>\n\t\t\t\t<\/div>\n\t\t\t<\/div>\n\t\t\t\n\t\t\t<style scoped=\"scoped\" >\n\t\t\t@media (max-width : 480px) {\n\t\t\t\t.fc_modal-dialog-5 .fc-pagination-cover .fc-pagination\n\t\t\t\t{\n\t\t\t\t\tbackground-color: white !important;\n\t\t\t\t}\n\t\t\t}\n\t\t\t\t\t\t.formcraft-css .fc-form.fc-form-5 .form-element .submit-cover .submit-button,\n\t\t\t.formcraft-css .fc-form.fc-form-5 .form-element .fileupload-cover .button-file,\n\t\t\t.formcraft-css .fc-form.fc-form-5 .form-element .field-cover .button,\n\t\t\t.formcraft-datepicker .ui-datepicker-header,\n\t\t\t.formcraft-datepicker .ui-datepicker-title,\n\t\t\t.formcraft-css .fc-form.fc-form-5 .stripe-amount-show\n\t\t\t{\n\t\t\t\tbackground: #ec1845;\n\t\t\t\tcolor: #fff;\n\t\t\t}\n\t\t\t.formcraft-datepicker td .ui-state-active,\n\t\t\t.formcraft-datepicker td .ui-state-hover,\n\t\t\t.formcraft-css .fc-form.fc-form-5 .form-element .slider-cover .ui-slider-range\n\t\t\t{\n\t\t\t\tbackground: #ec1845;\n\t\t\t}\n\t\t\t#ui-datepicker-div.formcraft-datepicker .ui-datepicker-header,\n\t\t\t.formcraft-css .fc-form .field-cover>div.full hr\n\t\t\t{\n\t\t\t\tborder-color: #cf153c;\n\t\t\t}\n\t\t\t#ui-datepicker-div.formcraft-datepicker .ui-datepicker-prev:hover,\n\t\t\t#ui-datepicker-div.formcraft-datepicker .ui-datepicker-next:hover,\n\t\t\t#ui-datepicker-div.formcraft-datepicker select.ui-datepicker-month:hover,\n\t\t\t#ui-datepicker-div.formcraft-datepicker select.ui-datepicker-year:hover\n\t\t\t{\n\t\t\t\tbackground-color: #cf153c;\n\t\t\t}\n\t\t\t.formcraft-css .fc-pagination>div.active .page-number,\n\t\t\t.formcraft-css .form-cover-builder .fc-pagination>div:first-child .page-number\n\t\t\t{\n\t\t\t\tbackground-color: #ec1845;\n\t\t\t\tcolor: #fff;\n\t\t\t}\n\t\t\t#ui-datepicker-div.formcraft-datepicker table.ui-datepicker-calendar th,\n\t\t\t#ui-datepicker-div.formcraft-datepicker table.ui-datepicker-calendar td.ui-datepicker-today a,\n\t\t\t.formcraft-css .fc-form.fc-form-5 .form-element .star-cover label,\n\t\t\thtml .formcraft-css .fc-form.label-floating .form-element .field-cover.has-focus>span,\n\t\t\t.formcraft-css .fc-form.fc-form-5 .form-element .customText-cover a,\n\t\t\t.formcraft-css .prev-next>div span:hover\n\t\t\t{\n\t\t\t\tcolor: #ec1845;\n\t\t\t}\n\t\t\t.formcraft-css .fc-form.fc-form-5 .form-element .customText-cover a:hover\n\t\t\t{\n\t\t\t\tcolor: #cf153c;\n\t\t\t}\n\t\t\thtml .formcraft-css .fc-form.fc-form-5.label-floating .form-element .field-cover > span\n\t\t\t{\n\t\t\t\tcolor: #666666;\n\t\t\t}\n\t\t\thtml .formcraft-css .fc-form .final-success .final-success-check {\n\t\t\t\tborder: 2px solid #666666;\n\t\t\t}\n\t\t\t.formcraft-css .fc-form.fc-form-5 .form-element .field-cover input[type=\"text\"],\n\t\t\t.formcraft-css .fc-form.fc-form-5 .form-element .field-cover input[type=\"email\"],\n\t\t\t.formcraft-css .fc-form.fc-form-5 .form-element .field-cover input[type=\"password\"],\n\t\t\t.formcraft-css .fc-form.fc-form-5 .form-element .field-cover input[type=\"tel\"],\n\t\t\t.formcraft-css .fc-form.fc-form-5 .form-element .field-cover textarea,\n\t\t\t.formcraft-css .fc-form.fc-form-5 .form-element .field-cover select,\n\t\t\t.formcraft-css .fc-form.fc-form-5 .form-element .field-cover .time-fields-cover,\n\t\t\t.formcraft-css .fc-form.fc-form-5 .form-element .field-cover .awesomplete ul\n\t\t\t{\n\t\t\t\tcolor: #777;\n\t\t\t}\n\t\t\t.formcraft-css .fc-form.fc-form-5 .form-element .field-cover input[type=\"text\"],\n\t\t\t.formcraft-css .fc-form.fc-form-5 .form-element .field-cover input[type=\"password\"],\n\t\t\t.formcraft-css .fc-form.fc-form-5 .form-element .field-cover input[type=\"email\"],\n\t\t\t.formcraft-css .fc-form.fc-form-5 .form-element .field-cover input[type=\"radio\"],\n\t\t\t.formcraft-css .fc-form.fc-form-5 .form-element .field-cover input[type=\"checkbox\"],\n\t\t\t.formcraft-css .fc-form.fc-form-5 .form-element .field-cover input[type=\"tel\"],\n\t\t\t.formcraft-css .fc-form.fc-form-5 .form-element .field-cover select,\n\t\t\t.formcraft-css .fc-form.fc-form-5 .form-element .field-cover textarea\n\t\t\t{\n\t\t\t\tbackground-color: #fafafa;\n\t\t\t}\n\t\t\t.formcraft-css .fc-form.fc-form-5 .form-element .field-cover input[type=\"radio\"]:checked,\n\t\t\t.formcraft-css .fc-form.fc-form-5 .form-element .field-cover input[type=\"checkbox\"]:checked {\n\t\t\t\tborder-color: #cf153c;\n\t\t\t\tbackground: #ec1845;\t\t\t\t\n\t\t\t}\n\t\t\t.formcraft-css .fc-form.fc-form-5 .form-element .star-cover label .star\n\t\t\t{\n\t\t\t\ttext-shadow: 0px 1px 0px #cf153c;\n\t\t\t}\n\t\t\t.formcraft-css .fc-form.fc-form-5 .form-element .slider-cover .ui-slider-range\n\t\t\t{\n\t\t\t\tbox-shadow: 0px 1px 1px #cf153c inset;\n\t\t\t}\n\t\t\t.formcraft-css .fc-form.fc-form-5 .form-element .fileupload-cover .button-file,\n\t\t\t.formcraft-css .fc-form.fc-form-5 .form-element .stripe-amount-show\n\t\t\t{\n\t\t\t\tborder-color: #cf153c;\n\t\t\t}\n\t\t\t.formcraft-css .fc-form.fc-form-5 .stripe-cover.field-cover div.stripe-amount-show::before\n\t\t\t{\n\t\t\t\tborder-top-color: #cf153c;\n\t\t\t}\n\t\t\t.formcraft-css .fc-form.fc-form-5 .stripe-cover.field-cover div.stripe-amount-show::after\n\t\t\t{\n\t\t\t\tborder-right-color: #ec1845;\n\t\t\t}\n\t\t\t.formcraft-css .fc-form.fc-form-5 .form-element .form-element-html input[type=\"password\"]:focus,\n\t\t\t.formcraft-css .fc-form.fc-form-5 .form-element .form-element-html input[type=\"email\"]:focus,\n\t\t\t.formcraft-css .fc-form.fc-form-5 .form-element .form-element-html input[type=\"tel\"]:focus,\n\t\t\t.formcraft-css .fc-form.fc-form-5 .form-element .form-element-html input[type=\"text\"]:focus,\n\t\t\t.formcraft-css .fc-form.fc-form-5 .form-element .form-element-html textarea:focus,\n\t\t\t.formcraft-css .fc-form.fc-form-5 .form-element .form-element-html select:focus\n\t\t\t{\n\t\t\t\tborder-color: #ec1845;\n\t\t\t}\n\t\t\t.formcraft-css .fc-form.fc-form-5 .form-element .form-element-html .field-cover .is-read-only:focus {\n\t\t\t\tborder-color: #ccc;\n\t\t\t}\n\t\t\t.formcraft-css .fc-form.fc-form-5\t\t\t{\n\t\t\t\tfont-family: inherit;\n\t\t\t}\n\t\t\t@media (max-width : 480px) {\n\t\t\t\thtml .dedicated-page,\n\t\t\t\thtml .dedicated-page .formcraft-css .fc-pagination > div.active\n\t\t\t\t{\n\t\t\t\t\tbackground: white;\n\t\t\t\t}\n\t\t\t}\n\t\t<\/style>\n\t\t<div class=\"form-cover\">\n\t\t\t<form data-thousand=\"\" data-decimal=\".\" data-delay=\"\" data-id=\"5\" class=\"fc-form fc-form-5 align- fc-temp-class spin- save-form- dont-submit-hidden- remove-asterisk- disable-enter- label-floating field-border-visible frame-visible icons-hide-true field-alignment-left\" style=\"width: 100%; color: #666666; font-size: 100%; background: white\">\n\t\t\t\t<div class=\"form-page form-page-0\" data-index=\"0\">\n\t\t\t\t\t\n\t\t\t\t\t<div class=\"form-page-content     \">\n\t\t\t\t\t\t<div data-identifier=\"field1\" data-index=\"0\" style=\"width: 33.33333%\" class=\" form-element form-element-field1 options-false index-false form-element-0 default-false form-element-type-oneLineText is-required-false odd -handle\">\n\t\t\t\t\t\t\t<div class=\"form-element-html\"><div ><div class=\"oneLineText-cover field-cover \"><span class=\"sub-label-false\"><span class=\"main-label\"><span >Nimi<\/span><\/span><span class=\"sub-label\"><\/span><\/span><div><span class=\"error\"><\/span><input type=\"text\" placeholder=\"\" make-read-only=\"false\" data-field-id=\"field1\" name=\"field1[]\" data-min-char=\"\" data-max-char=\"\" data-val-type=\"\" data-regexp=\"\" data-is-required=\"false\" data-allow-spaces=\"true\" class=\"validation-lenient\" data-placement=\"right\" data-toggle=\"tooltip\" tooltip=\"\" data-trigger=\"focus\" data-html=\"true\" data-input-mask=\"\" data-mask-placeholder=\"\" data-original-title=\"\"><i class=\"formcraft-icon formcraft-icon-type-\"><\/i><\/div><\/div><\/div><\/div>\n\t\t\t\t\t\t\t\n\t\t\t\t\t\t<\/div><div data-identifier=\"field2\" data-index=\"1\" style=\"width: 33.33333%\" class=\" even form-element form-element-field2 options-false index-false form-element-1 default-false form-element-type-email is-required-true -handle\">\n\t\t\t\t\t\t\t<div class=\"form-element-html\"><div ><div class=\"email-cover field-cover \"><span class=\"sub-label-true\"><span class=\"main-label\"><span >E-post<\/span><\/span><span class=\"sub-label\"><\/span><\/span><div><span class=\"error\"><\/span><input placeholder=\"\" data-field-id=\"field2\" type=\"text\" data-val-type=\"email\" make-read-only=\"\" data-is-required=\"true\" name=\"field2\" class=\"validation-lenient\" data-placement=\"right\" data-toggle=\"tooltip\" tooltip=\"\" data-trigger=\"focus\" data-html=\"true\" data-original-title=\"\"><i class=\"formcraft-icon\">email<\/i><\/div><\/div><\/div><\/div>\n\t\t\t\t\t\t\t\n\t\t\t\t\t\t<\/div><div data-identifier=\"field3\" data-index=\"2\" style=\"width: 33.33333%\" class=\" form-element form-element-field3 options-false index-false form-element-2 default-false form-element-type-oneLineText is-required-false odd -handle\">\n\t\t\t\t\t\t\t<div class=\"form-element-html\"><div ><div class=\"oneLineText-cover field-cover \"><span class=\"sub-label-false\"><span class=\"main-label\"><span >Telefon<\/span><\/span><span class=\"sub-label\"><\/span><\/span><div><span class=\"error\"><\/span><input type=\"text\" placeholder=\"\" make-read-only=\"false\" data-field-id=\"field3\" name=\"field3[]\" data-min-char=\"\" data-max-char=\"\" data-val-type=\"\" data-regexp=\"\" data-is-required=\"false\" data-allow-spaces=\"true\" class=\"validation-lenient\" data-placement=\"right\" data-toggle=\"tooltip\" tooltip=\"\" data-trigger=\"focus\" data-html=\"true\" data-input-mask=\"\" data-mask-placeholder=\"\" data-original-title=\"\"><i class=\"formcraft-icon formcraft-icon-type-\"><\/i><\/div><\/div><\/div><\/div>\n\t\t\t\t\t\t\t\n\t\t\t\t\t\t<\/div><div data-identifier=\"field4\" data-index=\"3\" style=\"width: 100%\" class=\" even form-element form-element-field4 options-false index-false form-element-3 default-false form-element-type-textarea is-required-false -handle\">\n\t\t\t\t\t\t\t<div class=\"form-element-html\"><div ><div class=\"textarea-cover field-cover \"><span class=\"sub-label-false\"><span class=\"main-label\"><span >Teie s\u00f5num<\/span><\/span><span class=\"sub-label\"><\/span><\/span><div><span class=\"error\"><\/span><textarea data-field-id=\"field4\" placeholder=\"\" class=\"validation-lenient\" name=\"field4\" value=\"\" rows=\"5\" data-min-char=\"\" data-max-char=\"\" data-is-required=\"false\" data-placement=\"right\" data-toggle=\"tooltip\" tooltip=\"\" data-trigger=\"focus\" data-html=\"true\" data-original-title=\"\" style=\"min-height: 107.938px\"><\/textarea><div class=\"count-\"><span class=\"current-count\">0<\/span> \/ <span class=\"max-count \"><\/span><\/div><\/div><\/div><\/div><\/div>\n\t\t\t\t\t\t\t\n\t\t\t\t\t\t<\/div><div data-identifier=\"field5\" data-index=\"4\" style=\"width: 100%\" class=\" form-element form-element-field5 options-false index-false form-element-4 default-false form-element-type-submit is-required-false odd -handle\">\n\t\t\t\t\t\t\t<div class=\"form-element-html\"><div ><div class=\"align-left wide-false submit-cover field-cover\"><button type=\"submit\" class=\"button submit-button\"><span class=\"text \">Saada<\/span><span class=\"spin-cover\"><i style=\"color:\" class=\"loading-icon icon-cog animate-spin\"><\/i><\/span><\/button><\/div><div class=\"submit-response \"><\/div><input type=\"text\" class=\"required_field \" name=\"website\"><\/div><\/div>\n\t\t\t\t\t\t\t\n\t\t\t\t\t\t<\/div><div data-identifier=\"field7\" data-index=\"5\" style=\"width: 100%\" class=\" even form-element form-element-field7 options-false index-false form-element-5 default-false form-element-type-heading is-required-false -handle\">\n\t\t\t\t\t\t\t<div class=\"form-element-html\"><div ><div style=\"background-color:\" class=\"heading-cover field-cover \"><div style=\"text-align: left; font-size: 1.5em; padding-top: ; padding-bottom: ; color:\" class=\"bold-\"><span >V\u00f5i<\/span><\/div><input type=\"hidden\" data-field-id=\"field7\" name=\"field7[]\" value=\"V\u00f5i\"><\/div><\/div><\/div>\n\t\t\t\t\t\t\t\n\t\t\t\t\t\t<\/div><div data-identifier=\"field8\" data-index=\"6\" style=\"width: 100%\" class=\" form-element form-element-field8 options-false index-false form-element-6 default-false form-element-type-customText is-required-false odd -handle\">\n\t\t\t\t\t\t\t<div class=\"form-element-html\"><div ><div class=\"absolute-false customText-cover field-cover\" style=\"left: ; top: ;right: ;bottom: ;color: #666666 !important; background-color:\"><div class=\"full\" style=\"text-align: left\"><p ><i class=\"icon icon-phone\"><\/i> Helistage meile:&nbsp;<a href=\"tel:+3723571007\" target=\"\">+372 35 71 007<\/a><\/p><\/div><input type=\"hidden\" name=\"field8\" data-field-id=\"field8\"><\/div><\/div><\/div>\n\t\t\t\t\t\t\t\n\t\t\t\t\t\t<\/div><div data-identifier=\"field9\" data-index=\"7\" style=\"width: 100%\" class=\" even form-element form-element-field9 options-false index-false form-element-7 default-false form-element-type-customText is-required-false -handle\">\n\t\t\t\t\t\t\t<div class=\"form-element-html\"><div ><div class=\"absolute-false customText-cover field-cover\" style=\"left: ; top: ;right: ;bottom: ;color: #666666 !important; background-color:\"><div class=\"full\" style=\"text-align: left\"><p ><i class=\"icon icon-envelop\"><\/i> Kirjutage meile:&nbsp;<a href=\"mailto:info@intervactechnology.ee\" target=\"\" style=\"font-size: 13px;text-align: left\">info@intervactechnology.com<\/a><\/p><\/div><input type=\"hidden\" name=\"field9\" data-field-id=\"field9\"><\/div><\/div><\/div>\n\t\t\t\t\t\t\t\n\t\t\t\t\t\t<\/div>\n\t\t\t\t\t<\/div>\n\t\t\t\t<\/div>\n\t\t\t<\/form>\n\t\t\t<div class=\"prev-next prev-next-1\" style=\"width: 100%; color: #666666; font-size: 100%; background: white\">\n\t\t\t\t<div><input type=\"text\" class=\"  \"><span class=\"inactive page-prev \"><i class=\"formcraft-icon\">keyboard_arrow_left<\/i>Previous<\/span><\/div>\n\t\t\t\t<div><input type=\"text\" class=\"  \"><span class=\"page-next \">Next<i class=\"formcraft-icon\">keyboard_arrow_right<\/i><\/span><\/div>\n\t\t\t<\/div>\n\t\t<\/div>\n          <\/div><a class=\"powered-by\" target=\"_blank\" href=\"http:\/\/formcraft-wp.com?source=pb\"\/>FormCraft - WordPress form builder<\/a><\/div>\n        <\/div>\n        <\/div>","protected":false},"excerpt":{"rendered":"<p>&times; [] 1 Step 1 Nimi E-postemail Telefon Teie s\u00f5num0 \/ Saada V\u00f5i Helistage meile:&nbsp;+372 35 71 007 Kirjutage meile:&nbsp;info@intervactechnology.com keyboard_arrow_leftPrevious Nextkeyboard_arrow_right FormCraft &#8211; WordPress form builder<\/p>\n","protected":false},"author":2,"featured_media":0,"parent":0,"menu_order":0,"comment_status":"closed","ping_status":"closed","template":"page-blank.php","meta":{"inline_featured_image":false,"footnotes":""},"_links":{"self":[{"href":"https:\/\/intervactechnology.com\/et\/wp-json\/wp\/v2\/pages\/2143"}],"collection":[{"href":"https:\/\/intervactechnology.com\/et\/wp-json\/wp\/v2\/pages"}],"about":[{"href":"https:\/\/intervactechnology.com\/et\/wp-json\/wp\/v2\/types\/page"}],"author":[{"embeddable":true,"href":"https:\/\/intervactechnology.com\/et\/wp-json\/wp\/v2\/users\/2"}],"replies":[{"embeddable":true,"href":"https:\/\/intervactechnology.com\/et\/wp-json\/wp\/v2\/comments?post=2143"}],"version-history":[{"count":9,"href":"https:\/\/intervactechnology.com\/et\/wp-json\/wp\/v2\/pages\/2143\/revisions"}],"predecessor-version":[{"id":4670,"href":"https:\/\/intervactechnology.com\/et\/wp-json\/wp\/v2\/pages\/2143\/revisions\/4670"}],"wp:attachment":[{"href":"https:\/\/intervactechnology.com\/et\/wp-json\/wp\/v2\/media?parent=2143"}],"curies":[{"name":"wp","href":"https:\/\/api.w.org\/{rel}","templated":true}]}}